{"id":54,"date":"2013-04-05T11:07:34","date_gmt":"2013-04-05T08:07:34","guid":{"rendered":"http:\/\/www.gt3themes.com\/wordpress-themes\/output\/?page_id=54"},"modified":"2015-11-04T13:39:08","modified_gmt":"2015-11-04T11:39:08","slug":"hakkimizda","status":"publish","type":"page","link":"https:\/\/eyeminsaat.com\/?page_id=54","title":{"rendered":"HAKKIMIZDA"},"content":{"rendered":"<ul class=\"g1-grid\"><li class=\"g1-column g1-one-fourth g1-valign-top\">\n<p><img loading=\"lazy\" decoding=\"async\" src=\"https:\/\/eyeminsaat.com\/wp-content\/uploads\/2013\/04\/eyeminsaat.png\" alt=\"eyeminsaat\" width=\"300\" height=\"127\" class=\"alignnone size-medium wp-image-1431\" srcset=\"https:\/\/eyeminsaat.com\/wp-content\/uploads\/2013\/04\/eyeminsaat.png 420w, https:\/\/eyeminsaat.com\/wp-content\/uploads\/2013\/04\/eyeminsaat-300x127.png 300w\" sizes=\"auto, (max-width: 300px) 100vw, 300px\" \/><\/p>\n<\/li><!-- -->\n<li class=\"g1-column g1-three-fourth g1-valign-top\">\n<p style=\"text-align:justify;\">EYEM Grup ailesi olarak b\u00fcy\u00fcklerimizden ald\u0131\u011f\u0131m\u0131z ismin onuruyla \u015firketimizi yeni ufuklara ta\u015f\u0131mak i\u00e7in t\u00fcm g\u00fcc\u00fcm\u00fczle \u00e7al\u0131\u015fmakta ve yeni a\u00e7\u0131l\u0131mlar getirmekteyiz.<\/p>\n<p style=\"text-align:justify;\">Ailemiz Urfa\u2019n\u0131n tan\u0131nan ve k\u00f6kl\u00fc ailelerindendir. Dedelerimiz ku\u015faklar boyunca Urfa\u2019da ticaretle u\u011fra\u015fm\u0131\u015flard\u0131r. En son olarak dedemiz Sabri Ey\u00fcp K\u00dc\u00c7\u00dcK \u015eanl\u0131 Urfa\u2019da i\u015f adaml\u0131\u011f\u0131 ve esnafl\u0131k yapm\u0131\u015ft\u0131r.<\/p>\n<\/li><!-- --><\/ul>\n<p style=\"text-align:justify;\">Ailemiz \u00fcniversite e\u011fitimlerinden ve \u0130stanbul ile olan ticari yo\u011funluklar\u0131ndan dolay\u0131 1960larda \u0130stanbul\u2019a yerle\u015ftiler. Sabri Ey\u00fcp K\u00dc\u00c7\u00dcK\u2019 \u00dcN en k\u00fc\u00e7\u00fck o\u011flu Ahmet Ya\u015far K\u00dc\u00c7\u00dcK \u0130stanbul\u2019da in\u015faat i\u015flerine girmi\u015f ve o tarihten g\u00fcn\u00fcm\u00fcze kadar ba\u015far\u0131yla ve atalar\u0131ndan ald\u0131\u011f\u0131 isme hi\u00e7bir leke s\u00fcrd\u00fcrmeden bu g\u00fcnlere ula\u015ft\u0131r\u0131p bir sonraki ku\u015fa\u011fa aktarm\u0131\u015ft\u0131r.<\/p>\n","protected":false},"excerpt":{"rendered":"<p>Ailemiz \u00fcniversite e\u011fitimlerinden ve \u0130stanbul ile olan ticari yo\u011funluklar\u0131ndan dolay\u0131 1960larda \u0130stanbul\u2019a yerle\u015ftiler. Sabri Ey\u00fcp K\u00dc\u00c7\u00dcK\u2019 \u00dcN en k\u00fc\u00e7\u00fck o\u011flu Ahmet Ya\u015far K\u00dc\u00c7\u00dcK \u0130stanbul\u2019da in\u015faat i\u015flerine girmi\u015f ve o tarihten g\u00fcn\u00fcm\u00fcze kadar ba\u015far\u0131yla ve atalar\u0131ndan ald\u0131\u011f\u0131 isme hi\u00e7bir leke s\u00fcrd\u00fcrmeden bu g\u00fcnlere ula\u015ft\u0131r\u0131p bir sonraki ku\u015fa\u011fa aktarm\u0131\u015ft\u0131r.<\/p>\n","protected":false},"author":2,"featured_media":0,"parent":0,"menu_order":20,"comment_status":"closed","ping_status":"closed","template":"","meta":{"_monsterinsights_skip_tracking":false,"_monsterinsights_sitenote_active":false,"_monsterinsights_sitenote_note":"","_monsterinsights_sitenote_category":0,"footnotes":""},"class_list":["post-54","page","type-page","status-publish"],"yoast_head":"<!-- This site is optimized with the Yoast SEO plugin v26.8 - https:\/\/yoast.com\/product\/yoast-seo-wordpress\/ -->\n<title>HAKKIMIZDA - EYEM \u0130n\u015faat<\/title>\n<meta name=\"robots\" content=\"index, follow, max-snippet:-1, max-image-preview:large, max-video-preview:-1\" \/>\n<link rel=\"canonical\" href=\"https:\/\/eyeminsaat.com\/?page_id=54\" \/>\n<meta property=\"og:locale\" content=\"tr_TR\" \/>\n<meta property=\"og:type\" content=\"article\" \/>\n<meta property=\"og:title\" content=\"HAKKIMIZDA - EYEM \u0130n\u015faat\" \/>\n<meta property=\"og:description\" content=\"Ailemiz \u00fcniversite e\u011fitimlerinden ve \u0130stanbul ile olan ticari yo\u011funluklar\u0131ndan dolay\u0131 1960larda \u0130stanbul\u2019a yerle\u015ftiler. Sabri Ey\u00fcp K\u00dc\u00c7\u00dcK\u2019 \u00dcN en k\u00fc\u00e7\u00fck o\u011flu Ahmet Ya\u015far K\u00dc\u00c7\u00dcK \u0130stanbul\u2019da in\u015faat i\u015flerine girmi\u015f ve o tarihten g\u00fcn\u00fcm\u00fcze kadar ba\u015far\u0131yla ve atalar\u0131ndan ald\u0131\u011f\u0131 isme hi\u00e7bir leke s\u00fcrd\u00fcrmeden bu g\u00fcnlere ula\u015ft\u0131r\u0131p bir sonraki ku\u015fa\u011fa aktarm\u0131\u015ft\u0131r.\" \/>\n<meta property=\"og:url\" content=\"https:\/\/eyeminsaat.com\/?page_id=54\" \/>\n<meta property=\"og:site_name\" content=\"EYEM \u0130n\u015faat\" \/>\n<meta property=\"article:modified_time\" content=\"2015-11-04T11:39:08+00:00\" \/>\n<meta property=\"og:image\" content=\"http:\/\/eyeminsaat.com\/wp-content\/uploads\/2013\/04\/eyeminsaat.png\" \/>\n<meta name=\"twitter:card\" content=\"summary_large_image\" \/>\n<meta name=\"twitter:label1\" content=\"Tahmini okuma s\u00fcresi\" \/>\n\t<meta name=\"twitter:data1\" content=\"1 dakika\" \/>\n<script type=\"application\/ld+json\" class=\"yoast-schema-graph\">{\"@context\":\"https:\/\/schema.org\",\"@graph\":[{\"@type\":\"WebPage\",\"@id\":\"https:\/\/eyeminsaat.com\/?page_id=54\",\"url\":\"https:\/\/eyeminsaat.com\/?page_id=54\",\"name\":\"HAKKIMIZDA - EYEM \u0130n\u015faat\",\"isPartOf\":{\"@id\":\"https:\/\/eyeminsaat.com\/#website\"},\"primaryImageOfPage\":{\"@id\":\"https:\/\/eyeminsaat.com\/?page_id=54#primaryimage\"},\"image\":{\"@id\":\"https:\/\/eyeminsaat.com\/?page_id=54#primaryimage\"},\"thumbnailUrl\":\"http:\/\/eyeminsaat.com\/wp-content\/uploads\/2013\/04\/eyeminsaat.png\",\"datePublished\":\"2013-04-05T08:07:34+00:00\",\"dateModified\":\"2015-11-04T11:39:08+00:00\",\"breadcrumb\":{\"@id\":\"https:\/\/eyeminsaat.com\/?page_id=54#breadcrumb\"},\"inLanguage\":\"tr\",\"potentialAction\":[{\"@type\":\"ReadAction\",\"target\":[\"https:\/\/eyeminsaat.com\/?page_id=54\"]}]},{\"@type\":\"ImageObject\",\"inLanguage\":\"tr\",\"@id\":\"https:\/\/eyeminsaat.com\/?page_id=54#primaryimage\",\"url\":\"http:\/\/eyeminsaat.com\/wp-content\/uploads\/2013\/04\/eyeminsaat.png\",\"contentUrl\":\"http:\/\/eyeminsaat.com\/wp-content\/uploads\/2013\/04\/eyeminsaat.png\"},{\"@type\":\"BreadcrumbList\",\"@id\":\"https:\/\/eyeminsaat.com\/?page_id=54#breadcrumb\",\"itemListElement\":[{\"@type\":\"ListItem\",\"position\":1,\"name\":\"Ana sayfa\",\"item\":\"https:\/\/eyeminsaat.com\/\"},{\"@type\":\"ListItem\",\"position\":2,\"name\":\"HAKKIMIZDA\"}]},{\"@type\":\"WebSite\",\"@id\":\"https:\/\/eyeminsaat.com\/#website\",\"url\":\"https:\/\/eyeminsaat.com\/\",\"name\":\"EYEM \u0130n\u015faat\",\"description\":\"\",\"potentialAction\":[{\"@type\":\"SearchAction\",\"target\":{\"@type\":\"EntryPoint\",\"urlTemplate\":\"https:\/\/eyeminsaat.com\/?s={search_term_string}\"},\"query-input\":{\"@type\":\"PropertyValueSpecification\",\"valueRequired\":true,\"valueName\":\"search_term_string\"}}],\"inLanguage\":\"tr\"}]}<\/script>\n<!-- \/ Yoast SEO plugin. -->","yoast_head_json":{"title":"HAKKIMIZDA - EYEM \u0130n\u015faat","robots":{"index":"index","follow":"follow","max-snippet":"max-snippet:-1","max-image-preview":"max-image-preview:large","max-video-preview":"max-video-preview:-1"},"canonical":"https:\/\/eyeminsaat.com\/?page_id=54","og_locale":"tr_TR","og_type":"article","og_title":"HAKKIMIZDA - EYEM \u0130n\u015faat","og_description":"Ailemiz \u00fcniversite e\u011fitimlerinden ve \u0130stanbul ile olan ticari yo\u011funluklar\u0131ndan dolay\u0131 1960larda \u0130stanbul\u2019a yerle\u015ftiler. Sabri Ey\u00fcp K\u00dc\u00c7\u00dcK\u2019 \u00dcN en k\u00fc\u00e7\u00fck o\u011flu Ahmet Ya\u015far K\u00dc\u00c7\u00dcK \u0130stanbul\u2019da in\u015faat i\u015flerine girmi\u015f ve o tarihten g\u00fcn\u00fcm\u00fcze kadar ba\u015far\u0131yla ve atalar\u0131ndan ald\u0131\u011f\u0131 isme hi\u00e7bir leke s\u00fcrd\u00fcrmeden bu g\u00fcnlere ula\u015ft\u0131r\u0131p bir sonraki ku\u015fa\u011fa aktarm\u0131\u015ft\u0131r.","og_url":"https:\/\/eyeminsaat.com\/?page_id=54","og_site_name":"EYEM \u0130n\u015faat","article_modified_time":"2015-11-04T11:39:08+00:00","og_image":[{"url":"http:\/\/eyeminsaat.com\/wp-content\/uploads\/2013\/04\/eyeminsaat.png","type":"","width":"","height":""}],"twitter_card":"summary_large_image","twitter_misc":{"Tahmini okuma s\u00fcresi":"1 dakika"},"schema":{"@context":"https:\/\/schema.org","@graph":[{"@type":"WebPage","@id":"https:\/\/eyeminsaat.com\/?page_id=54","url":"https:\/\/eyeminsaat.com\/?page_id=54","name":"HAKKIMIZDA - EYEM \u0130n\u015faat","isPartOf":{"@id":"https:\/\/eyeminsaat.com\/#website"},"primaryImageOfPage":{"@id":"https:\/\/eyeminsaat.com\/?page_id=54#primaryimage"},"image":{"@id":"https:\/\/eyeminsaat.com\/?page_id=54#primaryimage"},"thumbnailUrl":"http:\/\/eyeminsaat.com\/wp-content\/uploads\/2013\/04\/eyeminsaat.png","datePublished":"2013-04-05T08:07:34+00:00","dateModified":"2015-11-04T11:39:08+00:00","breadcrumb":{"@id":"https:\/\/eyeminsaat.com\/?page_id=54#breadcrumb"},"inLanguage":"tr","potentialAction":[{"@type":"ReadAction","target":["https:\/\/eyeminsaat.com\/?page_id=54"]}]},{"@type":"ImageObject","inLanguage":"tr","@id":"https:\/\/eyeminsaat.com\/?page_id=54#primaryimage","url":"http:\/\/eyeminsaat.com\/wp-content\/uploads\/2013\/04\/eyeminsaat.png","contentUrl":"http:\/\/eyeminsaat.com\/wp-content\/uploads\/2013\/04\/eyeminsaat.png"},{"@type":"BreadcrumbList","@id":"https:\/\/eyeminsaat.com\/?page_id=54#breadcrumb","itemListElement":[{"@type":"ListItem","position":1,"name":"Ana sayfa","item":"https:\/\/eyeminsaat.com\/"},{"@type":"ListItem","position":2,"name":"HAKKIMIZDA"}]},{"@type":"WebSite","@id":"https:\/\/eyeminsaat.com\/#website","url":"https:\/\/eyeminsaat.com\/","name":"EYEM \u0130n\u015faat","description":"","potentialAction":[{"@type":"SearchAction","target":{"@type":"EntryPoint","urlTemplate":"https:\/\/eyeminsaat.com\/?s={search_term_string}"},"query-input":{"@type":"PropertyValueSpecification","valueRequired":true,"valueName":"search_term_string"}}],"inLanguage":"tr"}]}},"_links":{"self":[{"href":"https:\/\/eyeminsaat.com\/index.php?rest_route=\/wp\/v2\/pages\/54","targetHints":{"allow":["GET"]}}],"collection":[{"href":"https:\/\/eyeminsaat.com\/index.php?rest_route=\/wp\/v2\/pages"}],"about":[{"href":"https:\/\/eyeminsaat.com\/index.php?rest_route=\/wp\/v2\/types\/page"}],"author":[{"embeddable":true,"href":"https:\/\/eyeminsaat.com\/index.php?rest_route=\/wp\/v2\/users\/2"}],"replies":[{"embeddable":true,"href":"https:\/\/eyeminsaat.com\/index.php?rest_route=%2Fwp%2Fv2%2Fcomments&post=54"}],"version-history":[{"count":10,"href":"https:\/\/eyeminsaat.com\/index.php?rest_route=\/wp\/v2\/pages\/54\/revisions"}],"predecessor-version":[{"id":1521,"href":"https:\/\/eyeminsaat.com\/index.php?rest_route=\/wp\/v2\/pages\/54\/revisions\/1521"}],"wp:attachment":[{"href":"https:\/\/eyeminsaat.com\/index.php?rest_route=%2Fwp%2Fv2%2Fmedia&parent=54"}],"curies":[{"name":"wp","href":"https:\/\/api.w.org\/{rel}","templated":true}]}}