{"id":763,"date":"2013-04-10T13:16:15","date_gmt":"2013-04-10T10:16:15","guid":{"rendered":"http:\/\/www.gt3themes.com\/wordpress-themes\/output\/?page_id=763"},"modified":"2018-05-14T12:39:53","modified_gmt":"2018-05-14T09:39:53","slug":"clean-style","status":"publish","type":"page","link":"https:\/\/eyeminsaat.com\/","title":{"rendered":"Ana Sayfa"},"content":{"rendered":"<style type=\"text\/css\" scoped=\"scoped\">#g1-section-1.g1-section {background-color: #ffffff; background-repeat:repeat; background-position:center top; background-attachment:static; border-width:1px 0; padding-bottom:0px;}<\/style><div id=\"g1-section-1\" class=\"g1-section \"><div class=\"g1-layout-inner\">\n<ul class=\"g1-grid\"><li class=\"g1-column g1-one-half g1-valign-top\">\n<h2>EYEM \u0130N\u015eAAT<\/h2>\n<p style=\"text-align: justify;\">EYEM Grup ailesi olarak b\u00fcy\u00fcklerimizden ald\u0131\u011f\u0131m\u0131z ismin onuruyla \u015firketimizi yeni ufuklara ta\u015f\u0131mak i\u00e7in t\u00fcm g\u00fcc\u00fcm\u00fczle \u00e7al\u0131\u015fmakta ve yeni a\u00e7\u0131l\u0131mlar getirmekteyiz.<\/p>\n<p style=\"text-align: justify;\">Ailemiz Urfa\u2019n\u0131n tan\u0131nan ve k\u00f6kl\u00fc ailelerindendir. Dedelerimiz ku\u015faklar boyunca Urfa\u2019da ticaretle u\u011fra\u015fm\u0131\u015flard\u0131r. En son olarak dedemiz Sabri Ey\u00fcp K\u00dc\u00c7\u00dcK \u015eanl\u0131 Urfa\u2019da i\u015f adaml\u0131\u011f\u0131 ve esnafl\u0131k yapm\u0131\u015ft\u0131r. Ailemiz \u00fcniversite e\u011fitimlerinden ve \u0130stanbul ile olan ticari yo\u011funluklar\u0131ndan dolay\u0131 1960larda \u0130stanbul\u2019a yerle\u015ftiler. Sabri Ey\u00fcp K\u00dc\u00c7\u00dcK\u2019 \u00dcN en k\u00fc\u00e7\u00fck o\u011flu Ahmet Ya\u015far K\u00dc\u00c7\u00dcK \u0130stanbul\u2019da in\u015faat i\u015flerine girmi\u015f ve o tarihten g\u00fcn\u00fcm\u00fcze kadar ba\u015far\u0131yla ve atalar\u0131ndan ald\u0131\u011f\u0131 isme hi\u00e7bir leke s\u00fcrd\u00fcrmeden bu g\u00fcnlere ula\u015ft\u0131r\u0131p bir sonraki ku\u015fa\u011fa aktarm\u0131\u015ft\u0131r.<\/p>\n<\/li><!-- -->\n<li class=\"g1-column g1-one-half g1-valign-top\">\n<h2>BA\u015eKANIN MESAJI<\/h2>\n<ul class=\"g1-grid\"><li class=\"g1-column g1-one-fourth g1-valign-top\">\n<p><img loading=\"lazy\" decoding=\"async\" class=\"alignnone size-medium wp-image-1493\" src=\"https:\/\/eyeminsaat.com\/wp-content\/uploads\/2018\/05\/eyup-kucuk.jpeg\" alt=\"eyup-kucuk\" width=\"200\" height=\"300\"><\/p>\n<\/li><!-- -->\n<li class=\"g1-column g1-three-fourth g1-valign-top\">\n<p style=\"text-align: justify;\">Konusunda uzman ve sinerji i\u00e7erisinde birlikte \u00e7al\u0131\u015fmaktan mutluluk duydu\u011fumuz ekibimizle, siz m\u00fc\u015fterilerimize in\u015faat ve yap\u0131 i\u015flerinde en kaliteli hizmeti en uygun fiyatla ula\u015ft\u0131rmaya \u00e7al\u0131\u015f\u0131yoruz. \u0130\u015fimize olan tutkumuz sonucunda, yapt\u0131\u011f\u0131m\u0131z her i\u015fde bir eser b\u0131rakma titizli\u011finde hareket ediyoruz. Biliyoruz ki, en hassas ve titiz bir \u015fekilde i\u015fimizi yapt\u0131\u011f\u0131m\u0131z i\u00e7in, siz m\u00fc\u015fterilerimiz bize g\u00fcvendikleri projelerinde veya bizim yapt\u0131\u011f\u0131m\u0131z ve kendilerine yuva olarak edindikleri evlerinde g\u00f6n\u00fcl rahatl\u0131\u011f\u0131yla ya\u015famaktad\u0131rlar.<\/p>\n<\/li><!-- --><\/ul>\n<p style=\"text-align: justify;\">Bu bizim i\u00e7in ba\u015far\u0131n\u0131n en temel kriteridir. Eyem \u0130n\u015faat ailesi olarak, ba\u015far\u0131lar\u0131m\u0131z\u0131 ticari gelire de\u011fil, m\u00fc\u015fterilerimizin bize &#8216;\u00e7ok g\u00fczel i\u015f \u00e7\u0131kartm\u0131\u015fs\u0131n\u0131z&#8217; demesiyle \u00f6l\u00e7mekten gurur duyar, siz m\u00fc\u015fterilerimiz ve ekibimizle birlikte bu anlay\u0131\u015f\u0131 kendimize bir d\u00fcstur kabul ederek gelece\u011fe emin ad\u0131mlarla ilerliyoruz.<\/p>\n<p><strong>Sabri Ey\u00fcp K\u00fc\u00e7\u00fck, Eyem Grup<\/strong><\/p>\n<\/li><!-- --><\/ul>\n<\/div><\/div>\n<style type=\"text\/css\" scoped=\"scoped\">#g1-section-2.g1-section {background-color: #ffffff; background-repeat:repeat; background-position:center top; background-attachment:static; border-width:1px 0; padding-bottom:0px;}<\/style><div id=\"g1-section-2\" class=\"g1-section \"><div class=\"g1-layout-inner\">\n<h2>Grup \u015eirketleri<\/h2>\n<ul class=\"g1-grid\"><li class=\"g1-column g1-one-fifth g1-valign-top\">\n<p><a href=\"http:\/\/www.cinardanismanlik.com\" target=\"_blank\"><img loading=\"lazy\" decoding=\"async\" class=\"alignnone size-full wp-image-1473\" src=\"https:\/\/eyeminsaat.com\/wp-content\/uploads\/2013\/10\/cinar.jpg\" alt=\"\u00c7\u0131nar Dan\u0131\u015fmanl\u0131k\" width=\"315\" height=\"134\"><\/a><\/p>\n<\/li><!-- -->\n<li class=\"g1-column g1-one-fifth g1-valign-top\">\n<p><img loading=\"lazy\" decoding=\"async\" class=\"alignnone size-full wp-image-1429\" src=\"https:\/\/eyeminsaat.com\/wp-content\/uploads\/2013\/04\/eyemtarim.png\" alt=\"eyem tar\u0131m\" width=\"420\" height=\"178\" srcset=\"https:\/\/eyeminsaat.com\/wp-content\/uploads\/2013\/04\/eyemtarim.png 420w, https:\/\/eyeminsaat.com\/wp-content\/uploads\/2013\/04\/eyemtarim-300x127.png 300w\" sizes=\"auto, (max-width: 420px) 100vw, 420px\" \/><\/p>\n<\/li><!-- -->\n<li class=\"g1-column g1-one-fifth g1-valign-top\">\n<p><img loading=\"lazy\" decoding=\"async\" class=\"alignnone size-full wp-image-1428\" src=\"https:\/\/eyeminsaat.com\/wp-content\/uploads\/2013\/04\/eyemgroup.png\" alt=\"eyem group\" width=\"420\" height=\"178\" srcset=\"https:\/\/eyeminsaat.com\/wp-content\/uploads\/2013\/04\/eyemgroup.png 420w, https:\/\/eyeminsaat.com\/wp-content\/uploads\/2013\/04\/eyemgroup-300x127.png 300w\" sizes=\"auto, (max-width: 420px) 100vw, 420px\" \/><\/p>\n<\/li><!-- -->\n<li class=\"g1-column g1-one-fifth g1-valign-top\">\n<p><a href=\"http:\/\/www.bobajoy.com.tr\" target=\"_blank\"><img decoding=\"async\" src=\"https:\/\/eyeminsaat.com\/wp-content\/uploads\/2013\/04\/bobajoy_logo-01.png\"><\/a><\/p>\n<\/li><!-- -->\n<li class=\"g1-column g1-one-fifth g1-valign-top\">\n<p><a href=\"http:\/\/www.lebban.com.tr\" target=\"_blank\"><img decoding=\"async\" src=\"https:\/\/eyeminsaat.com\/wp-content\/uploads\/2013\/04\/lebban-logo.png\"><\/a><\/p>\n<\/li><!-- --><\/ul>\n<\/div><\/div>\n","protected":false},"excerpt":{"rendered":"","protected":false},"author":2,"featured_media":0,"parent":0,"menu_order":10,"comment_status":"closed","ping_status":"closed","template":"g1_template_page_full_sections.php","meta":{"_monsterinsights_skip_tracking":false,"_monsterinsights_sitenote_active":false,"_monsterinsights_sitenote_note":"","_monsterinsights_sitenote_category":0,"footnotes":""},"class_list":["post-763","page","type-page","status-publish"],"yoast_head":"<!-- This site is optimized with the Yoast SEO plugin v26.8 - https:\/\/yoast.com\/product\/yoast-seo-wordpress\/ -->\n<title>Ana Sayfa - EYEM \u0130n\u015faat<\/title>\n<meta name=\"robots\" content=\"index, follow, max-snippet:-1, max-image-preview:large, max-video-preview:-1\" \/>\n<link rel=\"canonical\" href=\"https:\/\/eyeminsaat.com\/\" \/>\n<meta property=\"og:locale\" content=\"tr_TR\" \/>\n<meta property=\"og:type\" content=\"article\" \/>\n<meta property=\"og:title\" content=\"Ana Sayfa - EYEM \u0130n\u015faat\" \/>\n<meta property=\"og:url\" content=\"https:\/\/eyeminsaat.com\/\" \/>\n<meta property=\"og:site_name\" content=\"EYEM \u0130n\u015faat\" \/>\n<meta property=\"article:modified_time\" content=\"2018-05-14T09:39:53+00:00\" \/>\n<meta property=\"og:image\" content=\"http:\/\/eyeminsaat.com\/wp-content\/uploads\/2018\/05\/eyup-kucuk.jpeg\" \/>\n<meta name=\"twitter:card\" content=\"summary_large_image\" \/>\n<meta name=\"twitter:label1\" content=\"Tahmini okuma s\u00fcresi\" \/>\n\t<meta name=\"twitter:data1\" content=\"2 dakika\" \/>\n<script type=\"application\/ld+json\" class=\"yoast-schema-graph\">{\"@context\":\"https:\/\/schema.org\",\"@graph\":[{\"@type\":\"WebPage\",\"@id\":\"https:\/\/eyeminsaat.com\/\",\"url\":\"https:\/\/eyeminsaat.com\/\",\"name\":\"Ana Sayfa - EYEM \u0130n\u015faat\",\"isPartOf\":{\"@id\":\"https:\/\/eyeminsaat.com\/#website\"},\"primaryImageOfPage\":{\"@id\":\"https:\/\/eyeminsaat.com\/#primaryimage\"},\"image\":{\"@id\":\"https:\/\/eyeminsaat.com\/#primaryimage\"},\"thumbnailUrl\":\"http:\/\/eyeminsaat.com\/wp-content\/uploads\/2018\/05\/eyup-kucuk.jpeg\",\"datePublished\":\"2013-04-10T10:16:15+00:00\",\"dateModified\":\"2018-05-14T09:39:53+00:00\",\"breadcrumb\":{\"@id\":\"https:\/\/eyeminsaat.com\/#breadcrumb\"},\"inLanguage\":\"tr\",\"potentialAction\":[{\"@type\":\"ReadAction\",\"target\":[\"https:\/\/eyeminsaat.com\/\"]}]},{\"@type\":\"ImageObject\",\"inLanguage\":\"tr\",\"@id\":\"https:\/\/eyeminsaat.com\/#primaryimage\",\"url\":\"http:\/\/eyeminsaat.com\/wp-content\/uploads\/2018\/05\/eyup-kucuk.jpeg\",\"contentUrl\":\"http:\/\/eyeminsaat.com\/wp-content\/uploads\/2018\/05\/eyup-kucuk.jpeg\"},{\"@type\":\"BreadcrumbList\",\"@id\":\"https:\/\/eyeminsaat.com\/#breadcrumb\",\"itemListElement\":[{\"@type\":\"ListItem\",\"position\":1,\"name\":\"Ana sayfa\",\"item\":\"https:\/\/eyeminsaat.com\/\"},{\"@type\":\"ListItem\",\"position\":2,\"name\":\"Ana Sayfa\"}]},{\"@type\":\"WebSite\",\"@id\":\"https:\/\/eyeminsaat.com\/#website\",\"url\":\"https:\/\/eyeminsaat.com\/\",\"name\":\"EYEM \u0130n\u015faat\",\"description\":\"\",\"potentialAction\":[{\"@type\":\"SearchAction\",\"target\":{\"@type\":\"EntryPoint\",\"urlTemplate\":\"https:\/\/eyeminsaat.com\/?s={search_term_string}\"},\"query-input\":{\"@type\":\"PropertyValueSpecification\",\"valueRequired\":true,\"valueName\":\"search_term_string\"}}],\"inLanguage\":\"tr\"}]}<\/script>\n<!-- \/ Yoast SEO plugin. -->","yoast_head_json":{"title":"Ana Sayfa - EYEM \u0130n\u015faat","robots":{"index":"index","follow":"follow","max-snippet":"max-snippet:-1","max-image-preview":"max-image-preview:large","max-video-preview":"max-video-preview:-1"},"canonical":"https:\/\/eyeminsaat.com\/","og_locale":"tr_TR","og_type":"article","og_title":"Ana Sayfa - EYEM \u0130n\u015faat","og_url":"https:\/\/eyeminsaat.com\/","og_site_name":"EYEM \u0130n\u015faat","article_modified_time":"2018-05-14T09:39:53+00:00","og_image":[{"url":"http:\/\/eyeminsaat.com\/wp-content\/uploads\/2018\/05\/eyup-kucuk.jpeg","type":"","width":"","height":""}],"twitter_card":"summary_large_image","twitter_misc":{"Tahmini okuma s\u00fcresi":"2 dakika"},"schema":{"@context":"https:\/\/schema.org","@graph":[{"@type":"WebPage","@id":"https:\/\/eyeminsaat.com\/","url":"https:\/\/eyeminsaat.com\/","name":"Ana Sayfa - EYEM \u0130n\u015faat","isPartOf":{"@id":"https:\/\/eyeminsaat.com\/#website"},"primaryImageOfPage":{"@id":"https:\/\/eyeminsaat.com\/#primaryimage"},"image":{"@id":"https:\/\/eyeminsaat.com\/#primaryimage"},"thumbnailUrl":"http:\/\/eyeminsaat.com\/wp-content\/uploads\/2018\/05\/eyup-kucuk.jpeg","datePublished":"2013-04-10T10:16:15+00:00","dateModified":"2018-05-14T09:39:53+00:00","breadcrumb":{"@id":"https:\/\/eyeminsaat.com\/#breadcrumb"},"inLanguage":"tr","potentialAction":[{"@type":"ReadAction","target":["https:\/\/eyeminsaat.com\/"]}]},{"@type":"ImageObject","inLanguage":"tr","@id":"https:\/\/eyeminsaat.com\/#primaryimage","url":"http:\/\/eyeminsaat.com\/wp-content\/uploads\/2018\/05\/eyup-kucuk.jpeg","contentUrl":"http:\/\/eyeminsaat.com\/wp-content\/uploads\/2018\/05\/eyup-kucuk.jpeg"},{"@type":"BreadcrumbList","@id":"https:\/\/eyeminsaat.com\/#breadcrumb","itemListElement":[{"@type":"ListItem","position":1,"name":"Ana sayfa","item":"https:\/\/eyeminsaat.com\/"},{"@type":"ListItem","position":2,"name":"Ana Sayfa"}]},{"@type":"WebSite","@id":"https:\/\/eyeminsaat.com\/#website","url":"https:\/\/eyeminsaat.com\/","name":"EYEM \u0130n\u015faat","description":"","potentialAction":[{"@type":"SearchAction","target":{"@type":"EntryPoint","urlTemplate":"https:\/\/eyeminsaat.com\/?s={search_term_string}"},"query-input":{"@type":"PropertyValueSpecification","valueRequired":true,"valueName":"search_term_string"}}],"inLanguage":"tr"}]}},"_links":{"self":[{"href":"https:\/\/eyeminsaat.com\/index.php?rest_route=\/wp\/v2\/pages\/763","targetHints":{"allow":["GET"]}}],"collection":[{"href":"https:\/\/eyeminsaat.com\/index.php?rest_route=\/wp\/v2\/pages"}],"about":[{"href":"https:\/\/eyeminsaat.com\/index.php?rest_route=\/wp\/v2\/types\/page"}],"author":[{"embeddable":true,"href":"https:\/\/eyeminsaat.com\/index.php?rest_route=\/wp\/v2\/users\/2"}],"replies":[{"embeddable":true,"href":"https:\/\/eyeminsaat.com\/index.php?rest_route=%2Fwp%2Fv2%2Fcomments&post=763"}],"version-history":[{"count":19,"href":"https:\/\/eyeminsaat.com\/index.php?rest_route=\/wp\/v2\/pages\/763\/revisions"}],"predecessor-version":[{"id":1981,"href":"https:\/\/eyeminsaat.com\/index.php?rest_route=\/wp\/v2\/pages\/763\/revisions\/1981"}],"wp:attachment":[{"href":"https:\/\/eyeminsaat.com\/index.php?rest_route=%2Fwp%2Fv2%2Fmedia&parent=763"}],"curies":[{"name":"wp","href":"https:\/\/api.w.org\/{rel}","templated":true}]}}